{"id":17741,"date":"2020-03-24T14:14:56","date_gmt":"2020-03-24T13:14:56","guid":{"rendered":"http:\/\/www.lausanne-tourisme.ch\/?page_id=17741"},"modified":"2020-04-09T12:19:02","modified_gmt":"2020-04-09T11:19:02","slug":"antiquite-medievale","status":"publish","type":"page","link":"https:\/\/www.lausanne-tourisme.ch\/fr\/antiquite-medievale\/","title":{"rendered":"De l\u2019antiquit\u00e9 \u00e0 la cit\u00e9 m\u00e9di\u00e9vale"},"content":{"rendered":"","protected":false},"excerpt":{"rendered":"","protected":false},"author":7,"featured_media":17742,"parent":0,"menu_order":0,"comment_status":"closed","ping_status":"closed","template":"","meta":{"_acf_changed":false,"footnotes":""},"class_list":["post-17741","page","type-page","status-publish","has-post-thumbnail","hentry"],"acf":[],"_links":{"self":[{"href":"https:\/\/www.lausanne-tourisme.ch\/fr\/wp-json\/wp\/v2\/pages\/17741","targetHints":{"allow":["GET"]}}],"collection":[{"href":"https:\/\/www.lausanne-tourisme.ch\/fr\/wp-json\/wp\/v2\/pages"}],"about":[{"href":"https:\/\/www.lausanne-tourisme.ch\/fr\/wp-json\/wp\/v2\/types\/page"}],"author":[{"embeddable":true,"href":"https:\/\/www.lausanne-tourisme.ch\/fr\/wp-json\/wp\/v2\/users\/7"}],"replies":[{"embeddable":true,"href":"https:\/\/www.lausanne-tourisme.ch\/fr\/wp-json\/wp\/v2\/comments?post=17741"}],"version-history":[{"count":5,"href":"https:\/\/www.lausanne-tourisme.ch\/fr\/wp-json\/wp\/v2\/pages\/17741\/revisions"}],"predecessor-version":[{"id":20999,"href":"https:\/\/www.lausanne-tourisme.ch\/fr\/wp-json\/wp\/v2\/pages\/17741\/revisions\/20999"}],"wp:featuredmedia":[{"embeddable":true,"href":"https:\/\/www.lausanne-tourisme.ch\/fr\/wp-json\/wp\/v2\/media\/17742"}],"wp:attachment":[{"href":"https:\/\/www.lausanne-tourisme.ch\/fr\/wp-json\/wp\/v2\/media?parent=17741"}],"curies":[{"name":"wp","href":"https:\/\/api.w.org\/{rel}","templated":true}]}}