{"id":23192,"date":"2020-04-28T10:46:41","date_gmt":"2020-04-28T09:46:41","guid":{"rendered":"http:\/\/www.lausanne-tourisme.ch\/?page_id=23192"},"modified":"2023-12-28T11:30:55","modified_gmt":"2023-12-28T10:30:55","slug":"record-nuitees-notoriete-lausanne","status":"publish","type":"page","link":"https:\/\/www.lausanne-tourisme.ch\/fr\/record-nuitees-notoriete-lausanne\/","title":{"rendered":"Record de nuit\u00e9es et notori\u00e9t\u00e9 internationale pour Lausanne"},"content":{"rendered":"","protected":false},"excerpt":{"rendered":"","protected":false},"author":7,"featured_media":23210,"parent":0,"menu_order":0,"comment_status":"closed","ping_status":"closed","template":"","meta":{"_acf_changed":false,"footnotes":""},"class_list":["post-23192","page","type-page","status-publish","has-post-thumbnail","hentry"],"acf":[],"_links":{"self":[{"href":"https:\/\/www.lausanne-tourisme.ch\/fr\/wp-json\/wp\/v2\/pages\/23192","targetHints":{"allow":["GET"]}}],"collection":[{"href":"https:\/\/www.lausanne-tourisme.ch\/fr\/wp-json\/wp\/v2\/pages"}],"about":[{"href":"https:\/\/www.lausanne-tourisme.ch\/fr\/wp-json\/wp\/v2\/types\/page"}],"author":[{"embeddable":true,"href":"https:\/\/www.lausanne-tourisme.ch\/fr\/wp-json\/wp\/v2\/users\/7"}],"replies":[{"embeddable":true,"href":"https:\/\/www.lausanne-tourisme.ch\/fr\/wp-json\/wp\/v2\/comments?post=23192"}],"version-history":[{"count":3,"href":"https:\/\/www.lausanne-tourisme.ch\/fr\/wp-json\/wp\/v2\/pages\/23192\/revisions"}],"predecessor-version":[{"id":83831,"href":"https:\/\/www.lausanne-tourisme.ch\/fr\/wp-json\/wp\/v2\/pages\/23192\/revisions\/83831"}],"wp:featuredmedia":[{"embeddable":true,"href":"https:\/\/www.lausanne-tourisme.ch\/fr\/wp-json\/wp\/v2\/media\/23210"}],"wp:attachment":[{"href":"https:\/\/www.lausanne-tourisme.ch\/fr\/wp-json\/wp\/v2\/media?parent=23192"}],"curies":[{"name":"wp","href":"https:\/\/api.w.org\/{rel}","templated":true}]}}