{"id":56321,"date":"2021-06-11T13:56:18","date_gmt":"2021-06-11T11:56:18","guid":{"rendered":"https:\/\/www.lausanne-tourisme.ch\/?page_id=56321"},"modified":"2023-12-28T11:46:50","modified_gmt":"2023-12-28T10:46:50","slug":"lausanne-tourisme-tourisme-loisir-city-pass-planificateur-de-sejour-personnalise","status":"publish","type":"page","link":"https:\/\/www.lausanne-tourisme.ch\/fr\/lausanne-tourisme-tourisme-loisir-city-pass-planificateur-de-sejour-personnalise\/","title":{"rendered":"Lausanne Tourisme dope le tourisme de loisir en proposant \u00e0 ses visiteurs un City Pass unique en son genre et un planificateur de s\u00e9jour personnalis\u00e9"},"content":{"rendered":"","protected":false},"excerpt":{"rendered":"","protected":false},"author":21,"featured_media":55994,"parent":0,"menu_order":0,"comment_status":"closed","ping_status":"closed","template":"","meta":{"_acf_changed":false,"footnotes":""},"class_list":["post-56321","page","type-page","status-publish","has-post-thumbnail","hentry"],"acf":[],"_links":{"self":[{"href":"https:\/\/www.lausanne-tourisme.ch\/fr\/wp-json\/wp\/v2\/pages\/56321","targetHints":{"allow":["GET"]}}],"collection":[{"href":"https:\/\/www.lausanne-tourisme.ch\/fr\/wp-json\/wp\/v2\/pages"}],"about":[{"href":"https:\/\/www.lausanne-tourisme.ch\/fr\/wp-json\/wp\/v2\/types\/page"}],"author":[{"embeddable":true,"href":"https:\/\/www.lausanne-tourisme.ch\/fr\/wp-json\/wp\/v2\/users\/21"}],"replies":[{"embeddable":true,"href":"https:\/\/www.lausanne-tourisme.ch\/fr\/wp-json\/wp\/v2\/comments?post=56321"}],"version-history":[{"count":2,"href":"https:\/\/www.lausanne-tourisme.ch\/fr\/wp-json\/wp\/v2\/pages\/56321\/revisions"}],"predecessor-version":[{"id":83834,"href":"https:\/\/www.lausanne-tourisme.ch\/fr\/wp-json\/wp\/v2\/pages\/56321\/revisions\/83834"}],"wp:featuredmedia":[{"embeddable":true,"href":"https:\/\/www.lausanne-tourisme.ch\/fr\/wp-json\/wp\/v2\/media\/55994"}],"wp:attachment":[{"href":"https:\/\/www.lausanne-tourisme.ch\/fr\/wp-json\/wp\/v2\/media?parent=56321"}],"curies":[{"name":"wp","href":"https:\/\/api.w.org\/{rel}","templated":true}]}}