{"id":90474,"date":"2024-07-30T14:08:13","date_gmt":"2024-07-30T12:08:13","guid":{"rendered":"https:\/\/www.lausanne-tourisme.ch\/?page_id=90474"},"modified":"2025-09-29T16:56:34","modified_gmt":"2025-09-29T14:56:34","slug":"good-morning","status":"publish","type":"page","link":"https:\/\/www.lausanne-tourisme.ch\/fr\/good-morning\/","title":{"rendered":"Guide D\u00e9licieux &#8211; Good Morning (Petit-d\u00e9jeuner, brunch, caf\u00e9, boulangeries\u2026)"},"content":{"rendered":"","protected":false},"excerpt":{"rendered":"","protected":false},"author":21,"featured_media":92614,"parent":0,"menu_order":0,"comment_status":"closed","ping_status":"closed","template":"","meta":{"_acf_changed":false,"footnotes":""},"class_list":["post-90474","page","type-page","status-publish","has-post-thumbnail","hentry"],"acf":[],"_links":{"self":[{"href":"https:\/\/www.lausanne-tourisme.ch\/fr\/wp-json\/wp\/v2\/pages\/90474","targetHints":{"allow":["GET"]}}],"collection":[{"href":"https:\/\/www.lausanne-tourisme.ch\/fr\/wp-json\/wp\/v2\/pages"}],"about":[{"href":"https:\/\/www.lausanne-tourisme.ch\/fr\/wp-json\/wp\/v2\/types\/page"}],"author":[{"embeddable":true,"href":"https:\/\/www.lausanne-tourisme.ch\/fr\/wp-json\/wp\/v2\/users\/21"}],"replies":[{"embeddable":true,"href":"https:\/\/www.lausanne-tourisme.ch\/fr\/wp-json\/wp\/v2\/comments?post=90474"}],"version-history":[{"count":3,"href":"https:\/\/www.lausanne-tourisme.ch\/fr\/wp-json\/wp\/v2\/pages\/90474\/revisions"}],"predecessor-version":[{"id":103923,"href":"https:\/\/www.lausanne-tourisme.ch\/fr\/wp-json\/wp\/v2\/pages\/90474\/revisions\/103923"}],"wp:featuredmedia":[{"embeddable":true,"href":"https:\/\/www.lausanne-tourisme.ch\/fr\/wp-json\/wp\/v2\/media\/92614"}],"wp:attachment":[{"href":"https:\/\/www.lausanne-tourisme.ch\/fr\/wp-json\/wp\/v2\/media?parent=90474"}],"curies":[{"name":"wp","href":"https:\/\/api.w.org\/{rel}","templated":true}]}}