{"id":90713,"date":"2024-08-07T11:17:35","date_gmt":"2024-08-07T09:17:35","guid":{"rendered":"https:\/\/www.lausanne-tourisme.ch\/?page_id=90713"},"modified":"2025-11-03T14:33:36","modified_gmt":"2025-11-03T13:33:36","slug":"tea-time","status":"publish","type":"page","link":"https:\/\/www.lausanne-tourisme.ch\/fr\/tea-time\/","title":{"rendered":"Guide D\u00e9licieux &#8211; Tea Time (Salons de th\u00e9, p\u00e2tisseries, go\u00fbters gourmands&#8230;)"},"content":{"rendered":"","protected":false},"excerpt":{"rendered":"","protected":false},"author":21,"featured_media":92065,"parent":0,"menu_order":0,"comment_status":"closed","ping_status":"closed","template":"","meta":{"_acf_changed":false,"footnotes":""},"class_list":["post-90713","page","type-page","status-publish","has-post-thumbnail","hentry"],"acf":[],"_links":{"self":[{"href":"https:\/\/www.lausanne-tourisme.ch\/fr\/wp-json\/wp\/v2\/pages\/90713","targetHints":{"allow":["GET"]}}],"collection":[{"href":"https:\/\/www.lausanne-tourisme.ch\/fr\/wp-json\/wp\/v2\/pages"}],"about":[{"href":"https:\/\/www.lausanne-tourisme.ch\/fr\/wp-json\/wp\/v2\/types\/page"}],"author":[{"embeddable":true,"href":"https:\/\/www.lausanne-tourisme.ch\/fr\/wp-json\/wp\/v2\/users\/21"}],"replies":[{"embeddable":true,"href":"https:\/\/www.lausanne-tourisme.ch\/fr\/wp-json\/wp\/v2\/comments?post=90713"}],"version-history":[{"count":3,"href":"https:\/\/www.lausanne-tourisme.ch\/fr\/wp-json\/wp\/v2\/pages\/90713\/revisions"}],"predecessor-version":[{"id":105121,"href":"https:\/\/www.lausanne-tourisme.ch\/fr\/wp-json\/wp\/v2\/pages\/90713\/revisions\/105121"}],"wp:featuredmedia":[{"embeddable":true,"href":"https:\/\/www.lausanne-tourisme.ch\/fr\/wp-json\/wp\/v2\/media\/92065"}],"wp:attachment":[{"href":"https:\/\/www.lausanne-tourisme.ch\/fr\/wp-json\/wp\/v2\/media?parent=90713"}],"curies":[{"name":"wp","href":"https:\/\/api.w.org\/{rel}","templated":true}]}}